{"id":4257,"date":"2023-06-03T13:13:44","date_gmt":"2023-06-03T10:13:44","guid":{"rendered":"https:\/\/onnovit.com.tr\/?page_id=4257"},"modified":"2023-06-05T13:19:20","modified_gmt":"2023-06-05T10:19:20","slug":"urun-olustur","status":"publish","type":"page","link":"https:\/\/onnovit.com.tr\/?page_id=4257","title":{"rendered":"\u00dcr\u00fcn Olu\u015ftur"},"content":{"rendered":"\n<p><strong>Onnovit \u00fcr\u00fcn olu\u015fturma<\/strong> sayesinde bize talebinizi iletebilirsiniz. Talebinize istinaden size h\u0131zla d\u00f6n\u00fc\u015f yapaca\u011f\u0131z. Bizi tercih etti\u011finiz i\u00e7in te\u015fekk\u00fcr ederiz.<\/p>\n\n\n\n<div class=\"wp-block-columns is-layout-flex wp-container-core-columns-is-layout-9d6595d7 wp-block-columns-is-layout-flex\">\n<div class=\"wp-block-column is-layout-flow wp-block-column-is-layout-flow\">\n<div class=\"wp-block-contact-form-7-contact-form-selector\"><div role=\"form\" class=\"wpcf7\" id=\"wpcf7-f4256-o1\" lang=\"tr-TR\" dir=\"ltr\">\n<div class=\"screen-reader-response\"><p role=\"status\" aria-live=\"polite\" aria-atomic=\"true\"><\/p> <ul><\/ul><\/div>\n<form action=\"\/index.php?rest_route=%2Fwp%2Fv2%2Fpages%2F4257#wpcf7-f4256-o1\" method=\"post\" class=\"wpcf7-form init\" novalidate=\"novalidate\" data-status=\"init\">\n<div style=\"display: none;\">\n<input type=\"hidden\" name=\"_wpcf7\" value=\"4256\" \/>\n<input type=\"hidden\" name=\"_wpcf7_version\" value=\"5.6.4\" \/>\n<input type=\"hidden\" name=\"_wpcf7_locale\" value=\"tr_TR\" \/>\n<input type=\"hidden\" name=\"_wpcf7_unit_tag\" value=\"wpcf7-f4256-o1\" \/>\n<input type=\"hidden\" name=\"_wpcf7_container_post\" value=\"0\" \/>\n<input type=\"hidden\" name=\"_wpcf7_posted_data_hash\" value=\"\" \/>\n<input type=\"hidden\" name=\"_wpcf7cf_hidden_group_fields\" value=\"[]\" \/>\n<input type=\"hidden\" name=\"_wpcf7cf_hidden_groups\" value=\"[]\" \/>\n<input type=\"hidden\" name=\"_wpcf7cf_visible_groups\" value=\"[]\" \/>\n<input type=\"hidden\" name=\"_wpcf7cf_repeaters\" value=\"[]\" \/>\n<input type=\"hidden\" name=\"_wpcf7cf_steps\" value=\"{}\" \/>\n<input type=\"hidden\" name=\"_wpcf7cf_options\" value=\"{&quot;form_id&quot;:4256,&quot;conditions&quot;:[{&quot;then_field&quot;:&quot;group-111&quot;,&quot;and_rules&quot;:[{&quot;if_field&quot;:&quot;sektr&quot;,&quot;operator&quot;:&quot;equals&quot;,&quot;if_value&quot;:&quot;\\u0130\\u00e7ecek&quot;}]},{&quot;then_field&quot;:&quot;group-112&quot;,&quot;and_rules&quot;:[{&quot;if_field&quot;:&quot;sektr&quot;,&quot;operator&quot;:&quot;equals&quot;,&quot;if_value&quot;:&quot;S\\u00fct ve S\\u00fct \\u00fcr\\u00fcnleri&quot;}]},{&quot;then_field&quot;:&quot;group-113&quot;,&quot;and_rules&quot;:[{&quot;if_field&quot;:&quot;sektr&quot;,&quot;operator&quot;:&quot;equals&quot;,&quot;if_value&quot;:&quot;\\u00c7ikolata ve \\u015eekerleme&quot;}]},{&quot;then_field&quot;:&quot;group-114&quot;,&quot;and_rules&quot;:[{&quot;if_field&quot;:&quot;sektr&quot;,&quot;operator&quot;:&quot;equals&quot;,&quot;if_value&quot;:&quot;Un ve Unlu Mam\\u00fcller&quot;}]},{&quot;then_field&quot;:&quot;group-115&quot;,&quot;and_rules&quot;:[{&quot;if_field&quot;:&quot;sektr&quot;,&quot;operator&quot;:&quot;equals&quot;,&quot;if_value&quot;:&quot;Bisk\\u00fcvi&quot;}]},{&quot;then_field&quot;:&quot;group-116&quot;,&quot;and_rules&quot;:[{&quot;if_field&quot;:&quot;sektr&quot;,&quot;operator&quot;:&quot;equals&quot;,&quot;if_value&quot;:&quot;Makarna&quot;}]},{&quot;then_field&quot;:&quot;group-117&quot;,&quot;and_rules&quot;:[{&quot;if_field&quot;:&quot;sektr&quot;,&quot;operator&quot;:&quot;equals&quot;,&quot;if_value&quot;:&quot;Kahvalt\\u0131l\\u0131k Gevrek ve Bar&quot;}]},{&quot;then_field&quot;:&quot;group-118&quot;,&quot;and_rules&quot;:[{&quot;if_field&quot;:&quot;sektr&quot;,&quot;operator&quot;:&quot;equals&quot;,&quot;if_value&quot;:&quot;Et Mam\\u00fclleri&quot;}]},{&quot;then_field&quot;:&quot;group-119&quot;,&quot;and_rules&quot;:[{&quot;if_field&quot;:&quot;sektr&quot;,&quot;operator&quot;:&quot;equals&quot;,&quot;if_value&quot;:&quot;Ya\\u011f&quot;}]},{&quot;then_field&quot;:&quot;group-120&quot;,&quot;and_rules&quot;:[{&quot;if_field&quot;:&quot;sektr&quot;,&quot;operator&quot;:&quot;equals&quot;,&quot;if_value&quot;:&quot;G\\u0131da Takviyesi&quot;}]}],&quot;settings&quot;:{&quot;animation&quot;:&quot;yes&quot;,&quot;animation_intime&quot;:200,&quot;animation_outtime&quot;:200,&quot;conditions_ui&quot;:&quot;normal&quot;,&quot;notice_dismissed&quot;:false,&quot;notice_dismissed_update-cf7-5.7.7&quot;:true}}\" \/>\n<\/div>\n<p><label> Sekt\u00f6r<br \/>\n    <span class=\"wpcf7-form-control-wrap\" data-name=\"sektr\"><select name=\"sektr\" class=\"wpcf7-form-control wpcf7-select\" aria-invalid=\"false\"><option value=\"\"><\/option><option value=\"\u0130\u00e7ecek\">\u0130\u00e7ecek<\/option><option value=\"S\u00fct ve S\u00fct \u00fcr\u00fcnleri\">S\u00fct ve S\u00fct \u00fcr\u00fcnleri<\/option><option value=\"\u00c7ikolata ve \u015eekerleme\">\u00c7ikolata ve \u015eekerleme<\/option><option value=\"Un ve Unlu Mam\u00fcller\">Un ve Unlu Mam\u00fcller<\/option><option value=\"Bisk\u00fcvi\">Bisk\u00fcvi<\/option><option value=\"Makarna\">Makarna<\/option><option value=\"Kahvalt\u0131l\u0131k Gevrek ve Bar\">Kahvalt\u0131l\u0131k Gevrek ve Bar<\/option><option value=\"Et Mam\u00fclleri\">Et Mam\u00fclleri<\/option><option value=\"Ya\u011f\">Ya\u011f<\/option><option value=\"G\u0131da Takviyesi\">G\u0131da Takviyesi<\/option><\/select><\/span> <\/label><\/p>\n<div data-id=\"group-111\" data-orig_data_id=\"group-111\"  data-class=\"wpcf7cf_group\">\n<label> \u00dcr\u00fcn<br \/>\n    <span class=\"wpcf7-form-control-wrap\" data-name=\"urun\"><select name=\"urun\" class=\"wpcf7-form-control wpcf7-select\" aria-invalid=\"false\"><option value=\"\"><\/option><option value=\"Enerji i\u00e7ece\u011fi\">Enerji i\u00e7ece\u011fi<\/option><option value=\"Toz i\u00e7ecek\">Toz i\u00e7ecek<\/option><option value=\"Vitaminli su\">Vitaminli su<\/option><option value=\"Meyve suyu\">Meyve suyu<\/option><option value=\"Gazl\u0131 i\u00e7ecek\">Gazl\u0131 i\u00e7ecek<\/option><option value=\"Maden suyu\">Maden suyu<\/option><option value=\"\u0130zotonik i\u00e7ecek\">\u0130zotonik i\u00e7ecek<\/option><\/select><\/span> <\/label>\n<\/div>\n<div data-id=\"group-112\" data-orig_data_id=\"group-112\"  data-class=\"wpcf7cf_group\">\n<label> \u00dcr\u00fcn<br \/>\n    <span class=\"wpcf7-form-control-wrap\" data-name=\"urun2\"><select name=\"urun2\" class=\"wpcf7-form-control wpcf7-select\" aria-invalid=\"false\"><option value=\"\"><\/option><option value=\"Past\u00f6rize S\u00fct\">Past\u00f6rize S\u00fct<\/option><option value=\"UHT s\u00fct\">UHT s\u00fct<\/option><option value=\"Yo\u011furt\">Yo\u011furt<\/option><option value=\"Eritme peyniri\">Eritme peyniri<\/option><option value=\"Ka\u015far\">Ka\u015far<\/option><option value=\"Dondurma\">Dondurma<\/option><option value=\"Bebek mamas\u0131\">Bebek mamas\u0131<\/option><\/select><\/span> <\/label>\n<\/div>\n<div data-id=\"group-113\" data-orig_data_id=\"group-113\"  data-class=\"wpcf7cf_group\">\n<label> \u00dcr\u00fcn<br \/>\n    <span class=\"wpcf7-form-control-wrap\" data-name=\"urun3\"><select name=\"urun3\" class=\"wpcf7-form-control wpcf7-select\" aria-invalid=\"false\"><option value=\"\"><\/option><option value=\"Sert \u015eeker\">Sert \u015eeker<\/option><option value=\"Yumu\u015fak \u015eeker\">Yumu\u015fak \u015eeker<\/option><option value=\"Sak\u0131z\">Sak\u0131z<\/option><option value=\"\u00c7ikolata\">\u00c7ikolata<\/option><\/select><\/span> <\/label>\n<\/div>\n<div data-id=\"group-114\" data-orig_data_id=\"group-114\"  data-class=\"wpcf7cf_group\">\n<label> \u00dcr\u00fcn<br \/>\n    <span class=\"wpcf7-form-control-wrap\" data-name=\"urun4\"><select name=\"urun4\" class=\"wpcf7-form-control wpcf7-select\" aria-invalid=\"false\"><option value=\"\"><\/option><option value=\"Un\">Un<\/option><option value=\"Ekmek\">Ekmek<\/option><option value=\"Di\u011fer f\u0131r\u0131n \u00fcr\u00fcnleri\">Di\u011fer f\u0131r\u0131n \u00fcr\u00fcnleri<\/option><\/select><\/span> <\/label>\n<\/div>\n<div data-id=\"group-115\" data-orig_data_id=\"group-115\"  data-class=\"wpcf7cf_group\">\n<label> \u00dcr\u00fcn<br \/>\n    <span class=\"wpcf7-form-control-wrap\" data-name=\"urun5\"><select name=\"urun5\" class=\"wpcf7-form-control wpcf7-select\" aria-invalid=\"false\"><option value=\"\"><\/option><option value=\"Bisk\u00fcvi\">Bisk\u00fcvi<\/option><option value=\"Kraker\">Kraker<\/option><option value=\"Kek\">Kek<\/option><\/select><\/span> <\/label>\n<\/div>\n<div data-id=\"group-116\" data-orig_data_id=\"group-116\"  data-class=\"wpcf7cf_group\">\n<label> \u00dcr\u00fcn<br \/>\n    <span class=\"wpcf7-form-control-wrap\" data-name=\"urun6\"><select name=\"urun6\" class=\"wpcf7-form-control wpcf7-select\" aria-invalid=\"false\"><option value=\"\"><\/option><option value=\"Makarna\">Makarna<\/option><option value=\"Noddle\">Noddle<\/option><\/select><\/span> <\/label>\n<\/div>\n<div data-id=\"group-117\" data-orig_data_id=\"group-117\"  data-class=\"wpcf7cf_group\">\n<label> \u00dcr\u00fcn<br \/>\n    <span class=\"wpcf7-form-control-wrap\" data-name=\"urun7\"><select name=\"urun7\" class=\"wpcf7-form-control wpcf7-select\" aria-invalid=\"false\"><option value=\"\"><\/option><option value=\"Kahvalt\u0131l\u0131k Gevrek\">Kahvalt\u0131l\u0131k Gevrek<\/option><option value=\"Bar\">Bar<\/option><\/select><\/span> <\/label>\n<\/div>\n<div data-id=\"group-118\" data-orig_data_id=\"group-118\"  data-class=\"wpcf7cf_group\">\n<label> \u00dcr\u00fcn<br \/>\n    <span class=\"wpcf7-form-control-wrap\" data-name=\"urun8\"><select name=\"urun8\" class=\"wpcf7-form-control wpcf7-select\" aria-invalid=\"false\"><option value=\"\"><\/option><option value=\"Sosis\">Sosis<\/option><option value=\"K\u00f6fte\">K\u00f6fte<\/option><option value=\"K\u00f6fte pi\u015fmemi\u015f\">K\u00f6fte pi\u015fmemi\u015f<\/option><\/select><\/span> <\/label>\n<\/div>\n<div data-id=\"group-119\" data-orig_data_id=\"group-119\"  data-class=\"wpcf7cf_group\">\n<label> \u00dcr\u00fcn<br \/>\n    <span class=\"wpcf7-form-control-wrap\" data-name=\"urun9\"><select name=\"urun9\" class=\"wpcf7-form-control wpcf7-select\" aria-invalid=\"false\"><option value=\"\"><\/option><option value=\"S\u0131v\u0131 Ya\u011f\">S\u0131v\u0131 Ya\u011f<\/option><option value=\"Margarin\">Margarin<\/option><\/select><\/span> <\/label>\n<\/div>\n<div data-id=\"group-120\" data-orig_data_id=\"group-120\"  data-class=\"wpcf7cf_group\">\n<label> \u00dcr\u00fcn<br \/>\n    <span class=\"wpcf7-form-control-wrap\" data-name=\"urun10\"><select name=\"urun10\" class=\"wpcf7-form-control wpcf7-select\" aria-invalid=\"false\"><option value=\"\"><\/option><option value=\"\u015eurup\">\u015eurup<\/option><option value=\"Kaps\u00fcl\">Kaps\u00fcl<\/option><option value=\"Tablet\">Tablet<\/option><option value=\"\u015easet\">\u015easet<\/option><\/select><\/span> <\/label>\n<\/div>\n<p><label> Konsept<br \/>\n    <span class=\"wpcf7-form-control-wrap\" data-name=\"urun11\"><select name=\"urun11\" class=\"wpcf7-form-control wpcf7-select\" aria-invalid=\"false\"><option value=\"\"><\/option><option value=\"Enerji\">Enerji<\/option><option value=\"Ba\u011f\u0131\u015f\u0131kl\u0131k\">Ba\u011f\u0131\u015f\u0131kl\u0131k<\/option><option value=\"Spor\">Spor<\/option><option value=\"G\u00fczellik\">G\u00fczellik<\/option><option value=\"Kemik Sa\u011fl\u0131\u011f\u0131\">Kemik Sa\u011fl\u0131\u011f\u0131<\/option><option value=\"G\u00f6z Sa\u011fl\u0131\u011f\u0131\">G\u00f6z Sa\u011fl\u0131\u011f\u0131<\/option><option value=\"Kalp\">Kalp<\/option><option value=\"Mental\">Mental<\/option><option value=\"Yorgunluk\">Yorgunluk<\/option><option value=\"Vegan\">Vegan<\/option><option value=\"Vejeteryan\">Vejeteryan<\/option><option value=\"Erkek\">Erkek<\/option><option value=\"Kad\u0131n\">Kad\u0131n<\/option><option value=\"\u00c7ocuk\">\u00c7ocuk<\/option><option value=\"Bebek\">Bebek<\/option><option value=\"Multivitamin\">Multivitamin<\/option><\/select><\/span> <\/label><\/p>\n<p><label> Miktar (\u00dcretilecek son \u00fcr\u00fcn miktar\u0131n\u0131 giriniz (\u00d6rn: 10000 kg bisk\u00fcvi))<br \/>\n    <span class=\"wpcf7-form-control-wrap\" data-name=\"Miktar\"><input type=\"text\" name=\"Miktar\" value=\"\" size=\"40\" class=\"wpcf7-form-control wpcf7-text\" aria-invalid=\"false\" \/><\/span> <\/label><\/p>\n<p><label> Kendi form\u00fcl\u00fcn\u00fcz i\u00e7in form@onnovit.com.tr mail adresine mail atabilirsiniz.<\/p>\n<p><label> Firma Ad\u0131 (Zorunlu)<br \/>\n    <span class=\"wpcf7-form-control-wrap\" data-name=\"your-name\"><input type=\"text\" name=\"your-name\" value=\"\" size=\"40\" class=\"wpcf7-form-control wpcf7-text wpcf7-validates-as-required\" aria-required=\"true\" aria-invalid=\"false\" \/><\/span> <\/label><\/p>\n<p><label> E-Mail (Zorunlu)<br \/>\n    <span class=\"wpcf7-form-control-wrap\" data-name=\"your-email\"><input type=\"email\" name=\"your-email\" value=\"\" size=\"40\" class=\"wpcf7-form-control wpcf7-text wpcf7-email wpcf7-validates-as-required wpcf7-validates-as-email\" aria-required=\"true\" aria-invalid=\"false\" \/><\/span> <\/label><\/p>\n<p><label> Telefon (Zorunlu)<br \/>\n    <span class=\"wpcf7-form-control-wrap\" data-name=\"tel-379\"><input type=\"tel\" name=\"tel-379\" value=\"\" size=\"40\" class=\"wpcf7-form-control wpcf7-text wpcf7-tel wpcf7-validates-as-required wpcf7-validates-as-tel\" aria-required=\"true\" aria-invalid=\"false\" \/><\/span> <\/label><\/p>\n<p><input type=\"submit\" value=\"G\u00f6nder\" class=\"wpcf7-form-control has-spinner wpcf7-submit\" \/><\/p>\n<div class=\"wpcf7-response-output\" aria-hidden=\"true\"><\/div><\/form><\/div><\/div>\n<\/div>\n\n\n\n<div class=\"wp-block-column is-layout-flow wp-block-column-is-layout-flow\">\n<figure class=\"wp-block-image size-large\"><img loading=\"lazy\" decoding=\"async\" width=\"857\" height=\"1024\" src=\"https:\/\/onnovit.com.tr\/wp-content\/uploads\/2023\/06\/Adsiz-tasarim-857x1024.jpg\" alt=\"\" class=\"wp-image-4262\" srcset=\"https:\/\/onnovit.com.tr\/wp-content\/uploads\/2023\/06\/Adsiz-tasarim-857x1024.jpg 857w, https:\/\/onnovit.com.tr\/wp-content\/uploads\/2023\/06\/Adsiz-tasarim-251x300.jpg 251w, https:\/\/onnovit.com.tr\/wp-content\/uploads\/2023\/06\/Adsiz-tasarim-768x917.jpg 768w, https:\/\/onnovit.com.tr\/wp-content\/uploads\/2023\/06\/Adsiz-tasarim.jpg 1080w\" sizes=\"auto, (max-width: 857px) 100vw, 857px\" \/><\/figure>\n<\/div>\n<\/div>\n\n\n\n<p><\/p>\n","protected":false},"excerpt":{"rendered":"<p>Onnovit \u00fcr\u00fcn olu\u015fturma sayesinde bize talebinizi iletebilirsiniz. Talebinize istinaden size h\u0131zla d\u00f6n\u00fc\u015f yapaca\u011f\u0131z. Bizi tercih etti\u011finiz i\u00e7in te\u015fekk\u00fcr ederiz.<\/p>\n","protected":false},"author":1,"featured_media":0,"parent":0,"menu_order":0,"comment_status":"closed","ping_status":"closed","template":"","meta":{"footnotes":""},"class_list":["post-4257","page","type-page","status-publish","hentry","description-off"],"lang":"tr","translations":{"tr":4257,"en":4346},"pll_sync_post":[],"_links":{"self":[{"href":"https:\/\/onnovit.com.tr\/index.php?rest_route=\/wp\/v2\/pages\/4257","targetHints":{"allow":["GET"]}}],"collection":[{"href":"https:\/\/onnovit.com.tr\/index.php?rest_route=\/wp\/v2\/pages"}],"about":[{"href":"https:\/\/onnovit.com.tr\/index.php?rest_route=\/wp\/v2\/types\/page"}],"author":[{"embeddable":true,"href":"https:\/\/onnovit.com.tr\/index.php?rest_route=\/wp\/v2\/users\/1"}],"replies":[{"embeddable":true,"href":"https:\/\/onnovit.com.tr\/index.php?rest_route=%2Fwp%2Fv2%2Fcomments&post=4257"}],"version-history":[{"count":10,"href":"https:\/\/onnovit.com.tr\/index.php?rest_route=\/wp\/v2\/pages\/4257\/revisions"}],"predecessor-version":[{"id":4360,"href":"https:\/\/onnovit.com.tr\/index.php?rest_route=\/wp\/v2\/pages\/4257\/revisions\/4360"}],"wp:attachment":[{"href":"https:\/\/onnovit.com.tr\/index.php?rest_route=%2Fwp%2Fv2%2Fmedia&parent=4257"}],"curies":[{"name":"wp","href":"https:\/\/api.w.org\/{rel}","templated":true}]}}